{"id":2,"date":"2021-05-30T14:08:16","date_gmt":"2021-05-30T13:08:16","guid":{"rendered":"https:\/\/workout.wordifysites.com\/?page_id=2"},"modified":"2025-06-25T00:43:31","modified_gmt":"2025-06-25T00:43:31","slug":"home","status":"publish","type":"page","link":"https:\/\/iderma360.com\/","title":{"rendered":"IDERMA 360"},"content":{"rendered":"\n<div>\n<section class=\"gb-element-c03c802c\">\n<div>\n<div class=\"gb-element-cf6a1d98\">\n<p class=\"gb-text gb-text-c7a4c0f7\">tu piel merece UN CUIDADO DISTINTIVO<\/p>\n\n\n\n<h1 class=\"gb-text gb-text-2e50a072\">dermatologia ONLINE<\/h1>\n\n\n\n<p class=\"has-contrast-2-color has-text-color has-link-color wp-elements-2d1dfa83043bab25fb76aabcfedc9545\" style=\"font-size:18px\">\u00bfNecesit\u00e1s una rutina de <mark style=\"background-color:rgba(0, 0, 0, 0)\" class=\"has-inline-color has-base-2-color\">skincare<\/mark>? \u00bfNecesitas una consulta dermatol\u00f3gica <mark style=\"background-color:rgba(0, 0, 0, 0)\" class=\"has-inline-color has-base-2-color\">online?<\/mark> Entonces no esperes m\u00e1s. \u00a1Reserv\u00e1 ya!<\/p>\n\n\n\n<div class=\"gb-element-6fbb839e\">\n<a class=\"gb-text gb-text-0b48ae42\" href=\"#\">rutina skincare<\/a>\n\n\n\n<a class=\"gb-text-25198089\" href=\"#\"><span class=\"gb-shape\"><svg viewBox=\"0 0 459 459\" xmlns=\"http:\/\/www.w3.org\/2000\/svg\"><path d=\"M229.5 0C102.751 0 0 102.751 0 229.5S102.751 459 229.5 459 459 356.249 459 229.5 356.249 0 229.5 0zm80.792 239.651-111.764 76.084a12.281 12.281 0 0 1-19.19-10.151V153.416a12.281 12.281 0 0 1 19.19-10.151l111.764 76.084a12.28 12.28 0 0 1 0 20.302z\"><\/path><\/svg><\/span><span class=\"gb-text\">consulta online<\/span><\/a>\n<\/div>\n\n\n\n<div>\n<p class=\"has-contrast-2-color has-text-color has-link-color has-small-font-size wp-elements-a01dc9f8c7a827fed4b33e69c7047ce1\">Consulta online con dermat\u00f3loga experta<\/p>\n\n\n\n<p class=\"has-contrast-2-color has-text-color has-link-color has-small-font-size wp-elements-70f4dd6445e214341acbc8aab5357234\">Plan de skincare 100% personalizado<\/p>\n\n\n\n<p class=\"has-contrast-2-color has-text-color has-link-color has-small-font-size wp-elements-6dcde3cd8da776b894096ce5563a37b6\">Seguimiento online y acompa\u00f1amiento<\/p>\n<\/div>\n<\/div>\n<\/div>\n<\/section>\n<\/div>\n\n\n\n<section class=\"gb-element-88bbdcfe\">\n<div class=\"gb-element-b7a60bc5\">\n<div class=\"gb-element-ccc91616\">\n<h2 class=\"gb-text gb-text-f5027235\">01<\/h2>\n\n\n\n<h3 class=\"gb-text gb-text-271eb8d2\">Consulta dermatol\u00f3gica online<\/h3>\n\n\n\n<p class=\"gb-text\">Evaluaci\u00f3n completa de tu piel con diagn\u00f3stico profesional y recomendaciones espec\u00edficas.<\/p>\n\n\n\n<ul class=\"wp-block-list\">\n<li class=\"has-small-font-size\">Videoconsulta<\/li>\n\n\n\n<li class=\"has-small-font-size\">An\u00e1lisis dermatol\u00f3gico completo<\/li>\n\n\n\n<li class=\"has-small-font-size\">Informe detallado<\/li>\n\n\n\n<li class=\"has-small-font-size\">Recomendaciones personalizadas<\/li>\n<\/ul>\n\n\n\n<a class=\"gb-text-268707d2\" href=\"https:\/\/sites.generatepress.com\/workout\/classes\/\"><span class=\"gb-shape\"><svg viewBox=\"0 0 227.096 227.096\" xmlns=\"http:\/\/www.w3.org\/2000\/svg\"><path d=\"m152.835 39.285-5.902 5.898 64.18 64.19H0v8.35h211.124l-64.191 64.179 5.902 5.909 74.261-74.261z\"><\/path><\/svg><\/span><\/a>\n<\/div>\n\n\n\n<div class=\"gb-element-ee09af91\">\n<h2 class=\"gb-text gb-text-056eab9f\">02<\/h2>\n\n\n\n<h3 class=\"gb-text gb-text-b9833607\">Plan Personalizado de Skincare<\/h3>\n\n\n\n<p class=\"gb-text\">Rutina completa adaptada a tu tipo de piel, lifestyle y objetivos espec\u00edficos.<\/p>\n\n\n\n<ul class=\"wp-block-list\">\n<li class=\"has-small-font-size\">Rutina paso a paso<\/li>\n\n\n\n<li class=\"has-small-font-size\">Productos recomendados<\/li>\n\n\n\n<li class=\"has-small-font-size\">Cronograma de aplicaci\u00f3n<\/li>\n\n\n\n<li class=\"has-small-font-size\">Gu\u00eda de uso detallada<\/li>\n<\/ul>\n\n\n\n<a class=\"gb-text-7e5c5f48\" href=\"https:\/\/sites.generatepress.com\/workout\/classes\/\"><span class=\"gb-shape\"><svg viewBox=\"0 0 227.096 227.096\" xmlns=\"http:\/\/www.w3.org\/2000\/svg\"><path d=\"m152.835 39.285-5.902 5.898 64.18 64.19H0v8.35h211.124l-64.191 64.179 5.902 5.909 74.261-74.261z\"><\/path><\/svg><\/span><\/a>\n<\/div>\n\n\n\n<div class=\"gb-element-6467bb61\">\n<h2 class=\"gb-text gb-text-39be2b69\">03<\/h2>\n\n\n\n<h3 class=\"gb-text gb-text-06c759b2\">Seguimiento Online<\/h3>\n\n\n\n<p class=\"gb-text\">Acompa\u00f1amiento continuo para optimizar resultados y ajustar el plan seg\u00fan tu evoluci\u00f3n<\/p>\n\n\n\n<ul class=\"wp-block-list\">\n<li class=\"has-small-font-size\">Seguimiento por 3 meses<\/li>\n\n\n\n<li class=\"has-small-font-size\">Ajustes personalizados<\/li>\n\n\n\n<li class=\"has-small-font-size\">Soporte por WhatsApp<\/li>\n\n\n\n<li class=\"has-small-font-size\">Consultas de revisi\u00f3n<\/li>\n<\/ul>\n\n\n\n<a class=\"gb-text-d25fe322\" href=\"https:\/\/sites.generatepress.com\/workout\/classes\/\"><span class=\"gb-shape\"><svg viewBox=\"0 0 227.096 227.096\" xmlns=\"http:\/\/www.w3.org\/2000\/svg\"><path d=\"m152.835 39.285-5.902 5.898 64.18 64.19H0v8.35h211.124l-64.191 64.179 5.902 5.909 74.261-74.261z\"><\/path><\/svg><\/span><\/a>\n<\/div>\n<\/div>\n<\/section>\n\n\n\n<section class=\"gb-element-eb3f0947\">\n<div class=\"gb-element-0c708178\">\n<p class=\"gb-text gb-text-1e63e5da\">INICIA TU TRANSFORMACION<\/p>\n\n\n\n<p class=\"gb-text gb-text-f42c5c22\"><mark class=\"gb-highlight\"><strong><mark style=\"background-color:rgba(0, 0, 0, 0);color:#00bfb4\" class=\"has-inline-color\">Consult\u00e1<\/mark><\/strong><\/mark> con la Doctora Cintia Carreras, m\u00e9dica especialista en dermatolog\u00eda. Y acced\u00e9 al cuidado que tu piel necesita. Desde la comodidad de tu casa.<\/p>\n\n\n\n<p class=\"gb-text-982fff39\"><span class=\"gb-shape\"><svg aria-hidden=\"true\" role=\"img\" height=\"1em\" width=\"1em\" viewBox=\"0 0 448 512\" xmlns=\"http:\/\/www.w3.org\/2000\/svg\"><path fill=\"currentColor\" d=\"M400 32H48C21.49 32 0 53.49 0 80v352c0 26.51 21.49 48 48 48h352c26.51 0 48-21.49 48-48V80c0-26.51-21.49-48-48-48zm0 400H48V80h352v352zm-35.864-241.724L191.547 361.48c-4.705 4.667-12.303 4.637-16.97-.068l-90.781-91.516c-4.667-4.705-4.637-12.303.069-16.971l22.719-22.536c4.705-4.667 12.303-4.637 16.97.069l59.792 60.277 141.352-140.216c4.705-4.667 12.303-4.637 16.97.068l22.536 22.718c4.667 4.706 4.637 12.304-.068 16.971z\"><\/path><\/svg><\/span><span class=\"gb-text\">Atendete con un M\u00e9dico Especialista en Dermatolog\u00eda.<\/span><\/p>\n\n\n\n<p class=\"gb-text-66e435eb\"><span class=\"gb-shape\"><svg aria-hidden=\"true\" role=\"img\" height=\"1em\" width=\"1em\" viewBox=\"0 0 448 512\" xmlns=\"http:\/\/www.w3.org\/2000\/svg\"><path fill=\"currentColor\" d=\"M400 32H48C21.49 32 0 53.49 0 80v352c0 26.51 21.49 48 48 48h352c26.51 0 48-21.49 48-48V80c0-26.51-21.49-48-48-48zm0 400H48V80h352v352zm-35.864-241.724L191.547 361.48c-4.705 4.667-12.303 4.637-16.97-.068l-90.781-91.516c-4.667-4.705-4.637-12.303.069-16.971l22.719-22.536c4.705-4.667 12.303-4.637 16.97.069l59.792 60.277 141.352-140.216c4.705-4.667 12.303-4.637 16.97.068l22.536 22.718c4.667 4.706 4.637 12.304-.068 16.971z\"><\/path><\/svg><\/span><span class=\"gb-text\">Resultados visibles con seguimiento M\u00e9dico.<\/span><\/p>\n\n\n\n<p class=\"gb-text-ac97fcd2\"><span class=\"gb-shape\"><svg aria-hidden=\"true\" role=\"img\" height=\"1em\" width=\"1em\" viewBox=\"0 0 448 512\" xmlns=\"http:\/\/www.w3.org\/2000\/svg\"><path fill=\"currentColor\" d=\"M400 32H48C21.49 32 0 53.49 0 80v352c0 26.51 21.49 48 48 48h352c26.51 0 48-21.49 48-48V80c0-26.51-21.49-48-48-48zm0 400H48V80h352v352zm-35.864-241.724L191.547 361.48c-4.705 4.667-12.303 4.637-16.97-.068l-90.781-91.516c-4.667-4.705-4.637-12.303.069-16.971l22.719-22.536c4.705-4.667 12.303-4.637 16.97.069l59.792 60.277 141.352-140.216c4.705-4.667 12.303-4.637 16.97.068l22.536 22.718c4.667 4.706 4.637 12.304-.068 16.971z\"><\/path><\/svg><\/span><span class=\"gb-text\">Confidencialidad, cercania y calidez  en cada paso.<\/span><\/p>\n\n\n\n<p class=\"gb-text-14eef828\"><span class=\"gb-shape\"><svg aria-hidden=\"true\" role=\"img\" height=\"1em\" width=\"1em\" viewBox=\"0 0 448 512\" xmlns=\"http:\/\/www.w3.org\/2000\/svg\"><path fill=\"currentColor\" d=\"M400 32H48C21.49 32 0 53.49 0 80v352c0 26.51 21.49 48 48 48h352c26.51 0 48-21.49 48-48V80c0-26.51-21.49-48-48-48zm0 400H48V80h352v352zm-35.864-241.724L191.547 361.48c-4.705 4.667-12.303 4.637-16.97-.068l-90.781-91.516c-4.667-4.705-4.637-12.303.069-16.971l22.719-22.536c4.705-4.667 12.303-4.637 16.97.069l59.792 60.277 141.352-140.216c4.705-4.667 12.303-4.637 16.97.068l22.536 22.718c4.667 4.706 4.637 12.304-.068 16.971z\"><\/path><\/svg><\/span><span class=\"gb-text\">Opciones para todos los niveles de necesidad: M\u00e9dica o Est\u00e9tica<\/span><\/p>\n<\/div>\n\n\n\n<div class=\"gb-element-3b0e96f8\">\n<div class=\"gb-element-e6e7a91c\">\n<div>\n<h3 class=\"gb-text-0256fdd2\"><span class=\"gb-shape\"><svg aria-hidden=\"true\" role=\"img\" height=\"1em\" width=\"1em\" viewBox=\"0 0 384 512\" xmlns=\"http:\/\/www.w3.org\/2000\/svg\"><path fill=\"currentColor\" d=\"M172.268 501.67C26.97 291.031 0 269.413 0 192 0 85.961 85.961 0 192 0s192 85.961 192 192c0 77.413-26.97 99.031-172.268 309.67-9.535 13.774-29.93 13.773-39.464 0zM192 272c44.183 0 80-35.817 80-80s-35.817-80-80-80-80 35.817-80 80 35.817 80 80 80z\"><\/path><\/svg><\/span><span class=\"gb-text\">Cerca tuyo siempre.<\/span><\/h3>\n\n\n\n<p class=\"gb-headline gb-headline-ed1af437 gb-headline-text\">\u00bfViv\u00eds en una zona apartada o remota y sin especialista en dermatolog\u00eda? No viajes m\u00e1s. Lo resolvemos desde donde est\u00e9s.<\/p>\n<\/div>\n\n\n\n<div>\n<h3 class=\"gb-text-246ec5c6\"><span class=\"gb-shape\"><svg aria-hidden=\"true\" role=\"img\" height=\"1em\" width=\"1em\" viewBox=\"0 0 448 512\" xmlns=\"http:\/\/www.w3.org\/2000\/svg\"><path fill=\"currentColor\" d=\"M148 288h-40c-6.6 0-12-5.4-12-12v-40c0-6.6 5.4-12 12-12h40c6.6 0 12 5.4 12 12v40c0 6.6-5.4 12-12 12zm108-12v-40c0-6.6-5.4-12-12-12h-40c-6.6 0-12 5.4-12 12v40c0 6.6 5.4 12 12 12h40c6.6 0 12-5.4 12-12zm96 0v-40c0-6.6-5.4-12-12-12h-40c-6.6 0-12 5.4-12 12v40c0 6.6 5.4 12 12 12h40c6.6 0 12-5.4 12-12zm-96 96v-40c0-6.6-5.4-12-12-12h-40c-6.6 0-12 5.4-12 12v40c0 6.6 5.4 12 12 12h40c6.6 0 12-5.4 12-12zm-96 0v-40c0-6.6-5.4-12-12-12h-40c-6.6 0-12 5.4-12 12v40c0 6.6 5.4 12 12 12h40c6.6 0 12-5.4 12-12zm192 0v-40c0-6.6-5.4-12-12-12h-40c-6.6 0-12 5.4-12 12v40c0 6.6 5.4 12 12 12h40c6.6 0 12-5.4 12-12zm96-260v352c0 26.5-21.5 48-48 48H48c-26.5 0-48-21.5-48-48V112c0-26.5 21.5-48 48-48h48V12c0-6.6 5.4-12 12-12h40c6.6 0 12 5.4 12 12v52h128V12c0-6.6 5.4-12 12-12h40c6.6 0 12 5.4 12 12v52h48c26.5 0 48 21.5 48 48zm-48 346V160H48v298c0 3.3 2.7 6 6 6h340c3.3 0 6-2.7 6-6z\"><\/path><\/svg><\/span><span class=\"gb-text\">No esperes m\u00e1s.<\/span><\/h3>\n\n\n\n<p class=\"gb-text gb-text-f4ef8368\">\u00bfEst\u00e1s cansado\/a de esperar meses por turnos para poder atenderte? No cuentes meses. Acced\u00e9 a tu consulta en horas.<\/p>\n<\/div>\n\n\n\n<div>\n<h3 class=\"gb-text-c8fb5c2d\"><span class=\"gb-shape\"><svg aria-hidden=\"true\" role=\"img\" height=\"1em\" width=\"1em\" viewBox=\"0 0 512 512\" xmlns=\"http:\/\/www.w3.org\/2000\/svg\"><path fill=\"currentColor\" d=\"M173.898 439.404l-166.4-166.4c-9.997-9.997-9.997-26.206 0-36.204l36.203-36.204c9.997-9.998 26.207-9.998 36.204 0L192 312.69 432.095 72.596c9.997-9.997 26.207-9.997 36.204 0l36.203 36.204c9.997 9.997 9.997 26.206 0 36.204l-294.4 294.401c-9.998 9.997-26.207 9.997-36.204-.001z\"><\/path><\/svg><\/span><span class=\"gb-text\">No viajes m\u00e1s<\/span><\/h3>\n\n\n\n<p class=\"gb-text gb-text-51616b8c\">\u00bfVivis en una ciudad grande y te perd\u00e9s dos horas de tu d\u00eda viajando para ir al consultorio? Hace tu consulta desde casa. <\/p>\n<\/div>\n\n\n\n<div>\n<h3 class=\"gb-text-f858d10a\"><span class=\"gb-shape\"><svg aria-hidden=\"true\" role=\"img\" height=\"1em\" width=\"1em\" viewBox=\"0 0 576 512\" xmlns=\"http:\/\/www.w3.org\/2000\/svg\"><path fill=\"currentColor\" d=\"M259.3 17.8L194 150.2 47.9 171.5c-26.2 3.8-36.7 36.1-17.7 54.6l105.7 103-25 145.5c-4.5 26.3 23.2 46 46.4 33.7L288 439.6l130.7 68.7c23.2 12.2 50.9-7.4 46.4-33.7l-25-145.5 105.7-103c19-18.5 8.5-50.8-17.7-54.6L382 150.2 316.7 17.8c-11.7-23.6-45.6-23.9-57.4 0z\"><\/path><\/svg><\/span><span class=\"gb-text\">Consult\u00e1 online<\/span><\/h3>\n\n\n\n<p class=\"gb-text gb-text-65a88712\">Acced\u00e9 a tu consulta de forma online est\u00e9s donde est\u00e9s. En nuestro consultorio siempre estamos disponibles para vos<\/p>\n<\/div>\n<\/div>\n\n\n\n<a class=\"gb-text-c35f7609\" href=\"#\"><span class=\"gb-text\">reserva tu turno<\/span><span class=\"gb-shape\"><svg viewBox=\"0 0 247 165\" xmlns=\"http:\/\/www.w3.org\/2000\/svg\" data-name=\"Capa 1\"><path d=\"M33 0H0l66 82-66 83h33l66-83L33 0z\"><\/path><path d=\"M83 0H50l66 82-66 83h33l66-83L83 0z\"><\/path><path d=\"M181 0H99l66 82-66 83h82l66-83-66-82z\"><\/path><\/svg><\/span><\/a>\n<\/div>\n<\/section>\n\n\n\n<section class=\"gb-element-0daae786\">\n<figure class=\"wp-block-image size-full\"><img loading=\"lazy\" decoding=\"async\" width=\"589\" height=\"797\" src=\"https:\/\/iderma360.com\/wp-content\/uploads\/2025\/04\/cintia-e1750812200565.jpg\" alt=\"\" class=\"wp-image-1106\" srcset=\"https:\/\/iderma360.com\/wp-content\/uploads\/2025\/04\/cintia-e1750812200565.jpg 589w, https:\/\/iderma360.com\/wp-content\/uploads\/2025\/04\/cintia-e1750812200565-222x300.jpg 222w\" sizes=\"auto, (max-width: 589px) 100vw, 589px\" \/><\/figure>\n\n\n\n<div class=\"gb-element-1f729f01\">\n<h2 class=\"gb-text-cdab94e9\"><span class=\"gb-shape\"><svg viewBox=\"0 0 218.28 17.62\" xmlns=\"http:\/\/www.w3.org\/2000\/svg\" data-name=\"Capa 1\"><path d=\"M0 0h217.92v17.62H0z\"><\/path><\/svg><\/span><span class=\"gb-text\">DRA CINTIA CARRERAS<\/span><\/h2>\n\n\n\n<p class=\"gb-text gb-text-0d7e2a4b\">Como dermat\u00f3loga especialista con m\u00e1s de 15 a\u00f1os de experiencia, mi misi\u00f3n es brindar acceso a atenci\u00f3n dermatol\u00f3gica experta y personalizada a trav\u00e9s de una plataforma online y accesible.<\/p>\n\n\n\n<p class=\"has-contrast-2-color has-text-color has-link-color wp-elements-132a87a06e63fd74676da6081290ad2d\"><br>Mi enfoque se centra en combinar la experiencia cl\u00ednica tradicional con la comodidad de la tecnolog\u00eda, ofreciendo diagn\u00f3sticos precisos y tratamientos personalizados que se adaptan a las necesidades espec\u00edficas de cada paciente.<br>Tu piel es \u00fanica y merece un enfoque individualizado para lograr los mejores resultados. Por eso desarrollo planes de tratamiento completamente personalizados basados en evidencia cient\u00edfica.<\/p>\n\n\n\n<p class=\"gb-text gb-text-fa2d8560\">Tu piel puede verse mejor, sentirse mejor y estar m\u00e1s sana. Ya sea con una consulta m\u00e9dica o una rutina personalizada. <\/p>\n\n\n\n<p class=\"has-contrast-2-color has-text-color has-link-color wp-elements-7ef8e3ca36a6b19d9ad01b1bba5d5e76\">Desde <strong>iDerma360 te acompa\u00f1amos en cada etapa de tu cuidado<\/strong><\/p>\n\n\n\n<a class=\"gb-text-8a8816c5\" href=\"#\"><span class=\"gb-text\">reserva tu turno<\/span><span class=\"gb-shape\"><svg viewBox=\"0 0 247 165\" xmlns=\"http:\/\/www.w3.org\/2000\/svg\" data-name=\"Capa 1\"><path d=\"M33 0H0l66 82-66 83h33l66-83L33 0z\"><\/path><path d=\"M83 0H50l66 82-66 83h33l66-83L83 0z\"><\/path><path d=\"M181 0H99l66 82-66 83h82l66-83-66-82z\"><\/path><\/svg><\/span><\/a>\n<\/div>\n<\/section>\n\n\n\n<section class=\"gb-element-812bac48\">\n<h2 class=\"gb-text-7f156275\"><span class=\"gb-shape\"><svg viewBox=\"0 0 218.28 17.62\" xmlns=\"http:\/\/www.w3.org\/2000\/svg\" data-name=\"Capa 1\"><path d=\"M0 0h217.92v17.62H0z\"><\/path><\/svg><\/span><span class=\"gb-text\">NUESTROS SERVICIOS<\/span><\/h2>\n\n\n\n<div class=\"wp-block-columns is-layout-flex wp-container-core-columns-is-layout-2 wp-block-columns-is-layout-flex\">\n<div class=\"wp-block-column is-layout-flow wp-block-column-is-layout-flow\" style=\"flex-basis:100%\">\n<div class=\"wp-block-group\"><div class=\"wp-block-group__inner-container is-layout-constrained wp-block-group-is-layout-constrained\">\n<div class=\"wp-block-columns is-layout-flex wp-container-core-columns-is-layout-1 wp-block-columns-is-layout-flex\">\n<div class=\"wp-block-column is-layout-flow wp-block-column-is-layout-flow\" style=\"flex-basis:100%\">\n<div class=\"gb-element-b624f082\">\n<div class=\"gb-element-fc0e36a3\">\n<img loading=\"lazy\" decoding=\"async\" width=\"1024\" height=\"683\" class=\"gb-media-271a9305\" src=\"https:\/\/sites.generatepress.com\/workout\/wp-content\/uploads\/sites\/118\/2022\/03\/dylan-gillis-YJdCZba0TYE-unsplash-1024x683.jpg\" title=\"dylan-gillis-YJdCZba0TYE-unsplash\" srcset=\"https:\/\/iderma360.com\/wp-content\/uploads\/2022\/03\/dylan-gillis-YJdCZba0TYE-unsplash-1024x683.jpg 1024w, https:\/\/iderma360.com\/wp-content\/uploads\/2022\/03\/dylan-gillis-YJdCZba0TYE-unsplash-300x200.jpg 300w, https:\/\/iderma360.com\/wp-content\/uploads\/2022\/03\/dylan-gillis-YJdCZba0TYE-unsplash-768x512.jpg 768w, https:\/\/iderma360.com\/wp-content\/uploads\/2022\/03\/dylan-gillis-YJdCZba0TYE-unsplash-1536x1024.jpg 1536w, https:\/\/iderma360.com\/wp-content\/uploads\/2022\/03\/dylan-gillis-YJdCZba0TYE-unsplash.jpg 1920w\" sizes=\"auto, (max-width: 1024px) 100vw, 1024px\" \/>\n\n\n\n<h3 class=\"gb-text gb-text-eb508ba7\">Rutina skincare<\/h3>\n\n\n\n<p class=\"gb-text gb-text-b683b78b\">Es ideal para quienes necesitan una rutina de cuidado de la piel personalizada. Te enviamos un formulario para que nos cuentes tus antecedentes e inquietudes y de acuerdo a ello te enviamos una rutina a tu medida.<\/p>\n\n\n\n<a class=\"gb-text gb-text-c467b04d\" href=\"#\">conoce mas<\/a>\n<\/div>\n\n\n\n<div class=\"gb-element-2182b88f\">\n<img loading=\"lazy\" decoding=\"async\" width=\"1024\" height=\"683\" class=\"gb-media-1b53a9af\" src=\"https:\/\/sites.generatepress.com\/workout\/wp-content\/uploads\/sites\/118\/2022\/03\/dylan-gillis-YJdCZba0TYE-unsplash-1024x683.jpg\" title=\"dylan-gillis-YJdCZba0TYE-unsplash\" srcset=\"https:\/\/iderma360.com\/wp-content\/uploads\/2022\/03\/dylan-gillis-YJdCZba0TYE-unsplash-1024x683.jpg 1024w, https:\/\/iderma360.com\/wp-content\/uploads\/2022\/03\/dylan-gillis-YJdCZba0TYE-unsplash-300x200.jpg 300w, https:\/\/iderma360.com\/wp-content\/uploads\/2022\/03\/dylan-gillis-YJdCZba0TYE-unsplash-768x512.jpg 768w, https:\/\/iderma360.com\/wp-content\/uploads\/2022\/03\/dylan-gillis-YJdCZba0TYE-unsplash-1536x1024.jpg 1536w, https:\/\/iderma360.com\/wp-content\/uploads\/2022\/03\/dylan-gillis-YJdCZba0TYE-unsplash.jpg 1920w\" sizes=\"auto, (max-width: 1024px) 100vw, 1024px\" \/>\n\n\n\n<h3 class=\"gb-text gb-text-2983bd6e\">consulta skincare<\/h3>\n\n\n\n<p class=\"gb-text gb-text-d539ffa7\">Consulta online por videollamada. Ideal para hacer un seguimiento sobre la evoluci\u00f3n y los resultados de tus rutinas de skincare.<\/p>\n\n\n\n<a class=\"gb-text gb-text-31902ccf\" href=\"#\">conoce mas<\/a>\n<\/div>\n\n\n\n<div class=\"gb-element-fb9dc2ee\">\n<img loading=\"lazy\" decoding=\"async\" width=\"1920\" height=\"1280\" class=\"gb-media-93eea941\" src=\"https:\/\/iderma360.com\/wp-content\/uploads\/2022\/03\/gabin-vallet-JVnLqWGWVzs-unsplash.jpg\" title=\"gabin-vallet-JVnLqWGWVzs-unsplash\" srcset=\"https:\/\/iderma360.com\/wp-content\/uploads\/2022\/03\/gabin-vallet-JVnLqWGWVzs-unsplash.jpg 1920w, https:\/\/iderma360.com\/wp-content\/uploads\/2022\/03\/gabin-vallet-JVnLqWGWVzs-unsplash-300x200.jpg 300w, https:\/\/iderma360.com\/wp-content\/uploads\/2022\/03\/gabin-vallet-JVnLqWGWVzs-unsplash-1024x683.jpg 1024w, https:\/\/iderma360.com\/wp-content\/uploads\/2022\/03\/gabin-vallet-JVnLqWGWVzs-unsplash-768x512.jpg 768w, https:\/\/iderma360.com\/wp-content\/uploads\/2022\/03\/gabin-vallet-JVnLqWGWVzs-unsplash-1536x1024.jpg 1536w\" sizes=\"auto, (max-width: 1920px) 100vw, 1920px\" \/>\n\n\n\n<h3 class=\"gb-text gb-text-334be396\">dermatologia online<\/h3>\n\n\n\n<p class=\"gb-text gb-text-c99c4727\">Consulta online por videollamada dise\u00f1ada para resolver tus inquietudes sobre la piel, el pelo y las u\u00f1as. Ideal para consultas sobre acn\u00e9, alergias, manchas, ros\u00e1cea, caida de pelo, entre otras.<\/p>\n\n\n\n<a class=\"gb-text gb-text-ee74b62c\" href=\"#\">conoce mas<\/a>\n<\/div>\n<\/div>\n<\/div>\n<\/div>\n<\/div><\/div>\n<\/div>\n<\/div>\n\n\n\n<a class=\"gb-text-d02e53d2\" href=\"#\"><span class=\"gb-text\">reserva tu consulta<\/span><span class=\"gb-shape\"><svg viewBox=\"0 0 247 165\" xmlns=\"http:\/\/www.w3.org\/2000\/svg\" data-name=\"Capa 1\"><path d=\"M33 0H0l66 82-66 83h33l66-83L33 0z\"><\/path><path d=\"M83 0H50l66 82-66 83h33l66-83L83 0z\"><\/path><path d=\"M181 0H99l66 82-66 83h82l66-83-66-82z\"><\/path><\/svg><\/span><\/a>\n<\/section>\n\n\n\n<section class=\"gb-element-3bb251db\"><\/section>\n\n\n\n<section class=\"gb-element-01769149\">\n<div class=\"gb-element-dad4436d\">\n<h3 class=\"gb-text gb-text-28aa728f\"> nuestra comunidad<\/h3>\n\n\n\n<div>\n<p class=\"gb-text gb-text-4790551b\">Dejanos tus datos para enterarte de novedades y promociones.<\/p>\n<\/div>\n\n\n<\/div>\n\n\n\n<div class=\"gb-element-ee8dd522\"><\/div>\n<\/section>\n","protected":false},"excerpt":{"rendered":"<p>tu piel merece UN CUIDADO DISTINTIVO dermatologia ONLINE \u00bfNecesit\u00e1s una rutina de skincare? \u00bfNecesitas una consulta dermatol\u00f3gica online? Entonces no esperes m\u00e1s. \u00a1Reserv\u00e1 ya! rutina &#8230; <a title=\"IDERMA 360\" class=\"read-more\" href=\"https:\/\/iderma360.com\/\" aria-label=\"Read more about IDERMA 360\">Read more<\/a><\/p>\n","protected":false},"author":1,"featured_media":0,"parent":0,"menu_order":0,"comment_status":"closed","ping_status":"closed","template":"","meta":{"footnotes":""},"class_list":["post-2","page","type-page","status-publish"],"_links":{"self":[{"href":"https:\/\/iderma360.com\/index.php\/wp-json\/wp\/v2\/pages\/2","targetHints":{"allow":["GET"]}}],"collection":[{"href":"https:\/\/iderma360.com\/index.php\/wp-json\/wp\/v2\/pages"}],"about":[{"href":"https:\/\/iderma360.com\/index.php\/wp-json\/wp\/v2\/types\/page"}],"author":[{"embeddable":true,"href":"https:\/\/iderma360.com\/index.php\/wp-json\/wp\/v2\/users\/1"}],"replies":[{"embeddable":true,"href":"https:\/\/iderma360.com\/index.php\/wp-json\/wp\/v2\/comments?post=2"}],"version-history":[{"count":68,"href":"https:\/\/iderma360.com\/index.php\/wp-json\/wp\/v2\/pages\/2\/revisions"}],"predecessor-version":[{"id":1286,"href":"https:\/\/iderma360.com\/index.php\/wp-json\/wp\/v2\/pages\/2\/revisions\/1286"}],"wp:attachment":[{"href":"https:\/\/iderma360.com\/index.php\/wp-json\/wp\/v2\/media?parent=2"}],"curies":[{"name":"wp","href":"https:\/\/api.w.org\/{rel}","templated":true}]}}